{"id":62915,"date":"2024-01-04T17:11:25","date_gmt":"2024-01-04T17:11:25","guid":{"rendered":"https:\/\/runexstaging.com\/custom-manufacturing\/"},"modified":"2024-05-21T16:46:04","modified_gmt":"2024-05-21T15:46:04","slug":"kundanpassad-produktion","status":"publish","type":"page","link":"https:\/\/runex.com\/sv\/kundanpassad-produktion\/","title":{"rendered":"Kundanpassad produktion"},"content":{"rendered":"","protected":false},"excerpt":{"rendered":"","protected":false},"author":5,"featured_media":62896,"parent":0,"menu_order":0,"comment_status":"closed","ping_status":"closed","template":"templates\/page-builder.php","meta":{"_acf_changed":false,"footnotes":""},"class_list":["post-62915","page","type-page","status-publish","has-post-thumbnail","hentry"],"acf":[],"yoast_head":"<!-- This site is optimized with the Yoast SEO Premium plugin v23.8 (Yoast SEO v27.3) - https:\/\/yoast.com\/product\/yoast-seo-premium-wordpress\/ -->\n<title>Kundanpassad produktion &#8902; Runex<\/title>\n<meta name=\"description\" content=\"Runex designar och tillverkar s\u00e5v\u00e4l standard som skr\u00e4ddarsydd utrustning, stick, vagnar, bord och dollys, f\u00f6r att m\u00f6ta ditt bageris s\u00e4rskilda behov.\" \/>\n<meta name=\"robots\" content=\"index, follow, max-snippet:-1, max-image-preview:large, max-video-preview:-1\" \/>\n<link rel=\"canonical\" href=\"https:\/\/runex.com\/sv\/kundanpassad-produktion\/\" \/>\n<meta property=\"og:locale\" content=\"sv_SE\" \/>\n<meta property=\"og:type\" content=\"article\" \/>\n<meta property=\"og:title\" content=\"Kundanpassad produktion\" \/>\n<meta property=\"og:description\" content=\"Runex designar och tillverkar s\u00e5v\u00e4l standard som skr\u00e4ddarsydd utrustning, stick, vagnar, bord och dollys, f\u00f6r att m\u00f6ta ditt bageris s\u00e4rskilda behov.\" \/>\n<meta property=\"og:url\" content=\"https:\/\/runex.com\/sv\/kundanpassad-produktion\/\" \/>\n<meta property=\"og:site_name\" content=\"Runex\" \/>\n<meta property=\"article:modified_time\" content=\"2024-05-21T15:46:04+00:00\" \/>\n<meta property=\"og:image\" content=\"https:\/\/runex.com\/wp-content\/uploads\/2024\/01\/runex-custom-bakeware-hero.webp\" \/>\n\t<meta property=\"og:image:width\" content=\"2500\" \/>\n\t<meta property=\"og:image:height\" content=\"1305\" \/>\n\t<meta property=\"og:image:type\" content=\"image\/webp\" \/>\n<meta name=\"twitter:card\" content=\"summary_large_image\" \/>\n<meta name=\"twitter:label1\" content=\"Ber\u00e4knad l\u00e4stid\" \/>\n\t<meta name=\"twitter:data1\" content=\"1 minut\" \/>\n<script type=\"application\/ld+json\" class=\"yoast-schema-graph\">{\"@context\":\"https:\\\/\\\/schema.org\",\"@graph\":[{\"@type\":\"WebPage\",\"@id\":\"https:\\\/\\\/runex.com\\\/sv\\\/kundanpassad-produktion\\\/\",\"url\":\"https:\\\/\\\/runex.com\\\/sv\\\/kundanpassad-produktion\\\/\",\"name\":\"Kundanpassad produktion &#8902; Runex\",\"isPartOf\":{\"@id\":\"https:\\\/\\\/runex.com\\\/#website\"},\"primaryImageOfPage\":{\"@id\":\"https:\\\/\\\/runex.com\\\/sv\\\/kundanpassad-produktion\\\/#primaryimage\"},\"image\":{\"@id\":\"https:\\\/\\\/runex.com\\\/sv\\\/kundanpassad-produktion\\\/#primaryimage\"},\"thumbnailUrl\":\"https:\\\/\\\/runex.com\\\/wp-content\\\/uploads\\\/2024\\\/01\\\/runex-custom-bakeware-hero.webp\",\"datePublished\":\"2024-01-04T17:11:25+00:00\",\"dateModified\":\"2024-05-21T15:46:04+00:00\",\"description\":\"Runex designar och tillverkar s\u00e5v\u00e4l standard som skr\u00e4ddarsydd utrustning, stick, vagnar, bord och dollys, f\u00f6r att m\u00f6ta ditt bageris s\u00e4rskilda behov.\",\"breadcrumb\":{\"@id\":\"https:\\\/\\\/runex.com\\\/sv\\\/kundanpassad-produktion\\\/#breadcrumb\"},\"inLanguage\":\"sv-SE\",\"potentialAction\":[{\"@type\":\"ReadAction\",\"target\":[\"https:\\\/\\\/runex.com\\\/sv\\\/kundanpassad-produktion\\\/\"]}]},{\"@type\":\"ImageObject\",\"inLanguage\":\"sv-SE\",\"@id\":\"https:\\\/\\\/runex.com\\\/sv\\\/kundanpassad-produktion\\\/#primaryimage\",\"url\":\"https:\\\/\\\/runex.com\\\/wp-content\\\/uploads\\\/2024\\\/01\\\/runex-custom-bakeware-hero.webp\",\"contentUrl\":\"https:\\\/\\\/runex.com\\\/wp-content\\\/uploads\\\/2024\\\/01\\\/runex-custom-bakeware-hero.webp\",\"width\":2500,\"height\":1305},{\"@type\":\"BreadcrumbList\",\"@id\":\"https:\\\/\\\/runex.com\\\/sv\\\/kundanpassad-produktion\\\/#breadcrumb\",\"itemListElement\":[{\"@type\":\"ListItem\",\"position\":1,\"name\":\"Home\",\"item\":\"https:\\\/\\\/runex.com\\\/sv\\\/\"},{\"@type\":\"ListItem\",\"position\":2,\"name\":\"Kundanpassad produktion\"}]},{\"@type\":\"WebSite\",\"@id\":\"https:\\\/\\\/runex.com\\\/#website\",\"url\":\"https:\\\/\\\/runex.com\\\/\",\"name\":\"Runex\",\"description\":\"The Best Bakery Equipment for Scandinavia and Beyond\",\"publisher\":{\"@id\":\"https:\\\/\\\/runex.com\\\/#organization\"},\"potentialAction\":[{\"@type\":\"SearchAction\",\"target\":{\"@type\":\"EntryPoint\",\"urlTemplate\":\"https:\\\/\\\/runex.com\\\/?s={search_term_string}\"},\"query-input\":{\"@type\":\"PropertyValueSpecification\",\"valueRequired\":true,\"valueName\":\"search_term_string\"}}],\"inLanguage\":\"sv-SE\"},{\"@type\":\"Organization\",\"@id\":\"https:\\\/\\\/runex.com\\\/#organization\",\"name\":\"RUNEX\",\"url\":\"https:\\\/\\\/runex.com\\\/\",\"logo\":{\"@type\":\"ImageObject\",\"inLanguage\":\"sv-SE\",\"@id\":\"https:\\\/\\\/runex.com\\\/#\\\/schema\\\/logo\\\/image\\\/\",\"url\":\"https:\\\/\\\/runex.com\\\/wp-content\\\/uploads\\\/2023\\\/08\\\/runex_rgb-stacked.webp\",\"contentUrl\":\"https:\\\/\\\/runex.com\\\/wp-content\\\/uploads\\\/2023\\\/08\\\/runex_rgb-stacked.webp\",\"width\":274,\"height\":212,\"caption\":\"RUNEX\"},\"image\":{\"@id\":\"https:\\\/\\\/runex.com\\\/#\\\/schema\\\/logo\\\/image\\\/\"}}]}<\/script>\n<!-- \/ Yoast SEO Premium plugin. -->","yoast_head_json":{"title":"Kundanpassad produktion &#8902; Runex","description":"Runex designar och tillverkar s\u00e5v\u00e4l standard som skr\u00e4ddarsydd utrustning, stick, vagnar, bord och dollys, f\u00f6r att m\u00f6ta ditt bageris s\u00e4rskilda behov.","robots":{"index":"index","follow":"follow","max-snippet":"max-snippet:-1","max-image-preview":"max-image-preview:large","max-video-preview":"max-video-preview:-1"},"canonical":"https:\/\/runex.com\/sv\/kundanpassad-produktion\/","og_locale":"sv_SE","og_type":"article","og_title":"Kundanpassad produktion","og_description":"Runex designar och tillverkar s\u00e5v\u00e4l standard som skr\u00e4ddarsydd utrustning, stick, vagnar, bord och dollys, f\u00f6r att m\u00f6ta ditt bageris s\u00e4rskilda behov.","og_url":"https:\/\/runex.com\/sv\/kundanpassad-produktion\/","og_site_name":"Runex","article_modified_time":"2024-05-21T15:46:04+00:00","og_image":[{"width":2500,"height":1305,"url":"https:\/\/runex.com\/wp-content\/uploads\/2024\/01\/runex-custom-bakeware-hero.webp","type":"image\/webp"}],"twitter_card":"summary_large_image","twitter_misc":{"Ber\u00e4knad l\u00e4stid":"1 minut"},"schema":{"@context":"https:\/\/schema.org","@graph":[{"@type":"WebPage","@id":"https:\/\/runex.com\/sv\/kundanpassad-produktion\/","url":"https:\/\/runex.com\/sv\/kundanpassad-produktion\/","name":"Kundanpassad produktion &#8902; Runex","isPartOf":{"@id":"https:\/\/runex.com\/#website"},"primaryImageOfPage":{"@id":"https:\/\/runex.com\/sv\/kundanpassad-produktion\/#primaryimage"},"image":{"@id":"https:\/\/runex.com\/sv\/kundanpassad-produktion\/#primaryimage"},"thumbnailUrl":"https:\/\/runex.com\/wp-content\/uploads\/2024\/01\/runex-custom-bakeware-hero.webp","datePublished":"2024-01-04T17:11:25+00:00","dateModified":"2024-05-21T15:46:04+00:00","description":"Runex designar och tillverkar s\u00e5v\u00e4l standard som skr\u00e4ddarsydd utrustning, stick, vagnar, bord och dollys, f\u00f6r att m\u00f6ta ditt bageris s\u00e4rskilda behov.","breadcrumb":{"@id":"https:\/\/runex.com\/sv\/kundanpassad-produktion\/#breadcrumb"},"inLanguage":"sv-SE","potentialAction":[{"@type":"ReadAction","target":["https:\/\/runex.com\/sv\/kundanpassad-produktion\/"]}]},{"@type":"ImageObject","inLanguage":"sv-SE","@id":"https:\/\/runex.com\/sv\/kundanpassad-produktion\/#primaryimage","url":"https:\/\/runex.com\/wp-content\/uploads\/2024\/01\/runex-custom-bakeware-hero.webp","contentUrl":"https:\/\/runex.com\/wp-content\/uploads\/2024\/01\/runex-custom-bakeware-hero.webp","width":2500,"height":1305},{"@type":"BreadcrumbList","@id":"https:\/\/runex.com\/sv\/kundanpassad-produktion\/#breadcrumb","itemListElement":[{"@type":"ListItem","position":1,"name":"Home","item":"https:\/\/runex.com\/sv\/"},{"@type":"ListItem","position":2,"name":"Kundanpassad produktion"}]},{"@type":"WebSite","@id":"https:\/\/runex.com\/#website","url":"https:\/\/runex.com\/","name":"Runex","description":"The Best Bakery Equipment for Scandinavia and Beyond","publisher":{"@id":"https:\/\/runex.com\/#organization"},"potentialAction":[{"@type":"SearchAction","target":{"@type":"EntryPoint","urlTemplate":"https:\/\/runex.com\/?s={search_term_string}"},"query-input":{"@type":"PropertyValueSpecification","valueRequired":true,"valueName":"search_term_string"}}],"inLanguage":"sv-SE"},{"@type":"Organization","@id":"https:\/\/runex.com\/#organization","name":"RUNEX","url":"https:\/\/runex.com\/","logo":{"@type":"ImageObject","inLanguage":"sv-SE","@id":"https:\/\/runex.com\/#\/schema\/logo\/image\/","url":"https:\/\/runex.com\/wp-content\/uploads\/2023\/08\/runex_rgb-stacked.webp","contentUrl":"https:\/\/runex.com\/wp-content\/uploads\/2023\/08\/runex_rgb-stacked.webp","width":274,"height":212,"caption":"RUNEX"},"image":{"@id":"https:\/\/runex.com\/#\/schema\/logo\/image\/"}}]}},"_links":{"self":[{"href":"https:\/\/runex.com\/sv\/wp-json\/wp\/v2\/pages\/62915","targetHints":{"allow":["GET"]}}],"collection":[{"href":"https:\/\/runex.com\/sv\/wp-json\/wp\/v2\/pages"}],"about":[{"href":"https:\/\/runex.com\/sv\/wp-json\/wp\/v2\/types\/page"}],"author":[{"embeddable":true,"href":"https:\/\/runex.com\/sv\/wp-json\/wp\/v2\/users\/5"}],"replies":[{"embeddable":true,"href":"https:\/\/runex.com\/sv\/wp-json\/wp\/v2\/comments?post=62915"}],"version-history":[{"count":0,"href":"https:\/\/runex.com\/sv\/wp-json\/wp\/v2\/pages\/62915\/revisions"}],"wp:featuredmedia":[{"embeddable":true,"href":"https:\/\/runex.com\/sv\/wp-json\/wp\/v2\/media\/62896"}],"wp:attachment":[{"href":"https:\/\/runex.com\/sv\/wp-json\/wp\/v2\/media?parent=62915"}],"curies":[{"name":"wp","href":"https:\/\/api.w.org\/{rel}","templated":true}]}}