{"id":62867,"date":"2024-01-04T18:41:14","date_gmt":"2024-01-04T18:41:14","guid":{"rendered":"https:\/\/runexstaging.com\/?page_id=62867"},"modified":"2024-11-15T16:28:20","modified_gmt":"2024-11-15T16:28:20","slug":"runex-2","status":"publish","type":"page","link":"https:\/\/runex.com\/sv\/","title":{"rendered":"Runex"},"content":{"rendered":"<div class=\"wp-block-cover has-background-dim home-page-hero is-layout-flow wp-block-cover-is-layout-flow\">\u00a0<\/div>\n<div class=\"wp-block-group\">\n<div class=\"wp-block-cover home-feeding\" style=\"min-height: 430px\">\n<div class=\"wp-block-cover__inner-container\">\n<div class=\"wp-block-columns has-dark-grey-color has-text-color\">\n<div class=\"wp-block-column\"><\/div>\n<\/div>\n<\/div>\n<\/div>\n<\/div>\n<\/div>\n<p><!-- \/wp:post-content --><\/div>\n<p><!-- \/wp:columns --><\/div>\n<\/div>\n<p><!-- \/wp:cover --><\/div>\n<p><!-- \/wp:group --><\/p>\n","protected":false},"excerpt":{"rendered":"","protected":false},"author":5,"featured_media":62090,"parent":0,"menu_order":0,"comment_status":"open","ping_status":"open","template":"templates\/page-builder.php","meta":{"_acf_changed":false,"footnotes":""},"class_list":["post-62867","page","type-page","status-publish","has-post-thumbnail","hentry"],"acf":[],"yoast_head":"<!-- This site is optimized with the Yoast SEO Premium plugin v23.8 (Yoast SEO v27.3) - https:\/\/yoast.com\/product\/yoast-seo-premium-wordpress\/ -->\n<title>Runex &#8902; Bakutrustning &amp; Bel\u00e4ggningar<\/title>\n<meta name=\"description\" content=\"I mer \u00e4n 50 \u00e5r har Runex brunnit f\u00f6r att tillverka bageriutrustning av h\u00f6gsta kvalitet f\u00f6r professionella bagare \u00f6ver hela Skandinavien.\" \/>\n<meta name=\"robots\" content=\"index, follow, max-snippet:-1, max-image-preview:large, max-video-preview:-1\" \/>\n<link rel=\"canonical\" href=\"https:\/\/runex.com\/sv\/\" \/>\n<meta property=\"og:locale\" content=\"sv_SE\" \/>\n<meta property=\"og:type\" content=\"article\" \/>\n<meta property=\"og:title\" content=\"Runex\" \/>\n<meta property=\"og:description\" content=\"I mer \u00e4n 50 \u00e5r har Runex brunnit f\u00f6r att tillverka bageriutrustning av h\u00f6gsta kvalitet f\u00f6r professionella bagare \u00f6ver hela Skandinavien.\" \/>\n<meta property=\"og:url\" content=\"https:\/\/runex.com\/sv\/\" \/>\n<meta property=\"og:site_name\" content=\"Runex\" \/>\n<meta property=\"article:modified_time\" content=\"2024-11-15T16:28:20+00:00\" \/>\n<meta property=\"og:image\" content=\"https:\/\/runex.com\/wp-content\/uploads\/2022\/10\/AP-Runex-252-bewerkt-scaled.jpg\" \/>\n\t<meta property=\"og:image:width\" content=\"2560\" \/>\n\t<meta property=\"og:image:height\" content=\"1707\" \/>\n\t<meta property=\"og:image:type\" content=\"image\/jpeg\" \/>\n<meta name=\"twitter:card\" content=\"summary_large_image\" \/>\n<meta name=\"twitter:label1\" content=\"Ber\u00e4knad l\u00e4stid\" \/>\n\t<meta name=\"twitter:data1\" content=\"5 minuter\" \/>\n<script type=\"application\/ld+json\" class=\"yoast-schema-graph\">{\"@context\":\"https:\\\/\\\/schema.org\",\"@graph\":[{\"@type\":\"WebPage\",\"@id\":\"https:\\\/\\\/runex.com\\\/sv\\\/\",\"url\":\"https:\\\/\\\/runex.com\\\/sv\\\/\",\"name\":\"Runex &#8902; Bakutrustning & Bel\u00e4ggningar\",\"isPartOf\":{\"@id\":\"https:\\\/\\\/runex.com\\\/#website\"},\"primaryImageOfPage\":{\"@id\":\"https:\\\/\\\/runex.com\\\/sv\\\/#primaryimage\"},\"image\":{\"@id\":\"https:\\\/\\\/runex.com\\\/sv\\\/#primaryimage\"},\"thumbnailUrl\":\"https:\\\/\\\/runex.com\\\/wp-content\\\/uploads\\\/2022\\\/10\\\/AP-Runex-252-bewerkt-scaled.jpg\",\"datePublished\":\"2024-01-04T18:41:14+00:00\",\"dateModified\":\"2024-11-15T16:28:20+00:00\",\"description\":\"I mer \u00e4n 50 \u00e5r har Runex brunnit f\u00f6r att tillverka bageriutrustning av h\u00f6gsta kvalitet f\u00f6r professionella bagare \u00f6ver hela Skandinavien.\",\"breadcrumb\":{\"@id\":\"https:\\\/\\\/runex.com\\\/sv\\\/#breadcrumb\"},\"inLanguage\":\"sv-SE\",\"potentialAction\":[{\"@type\":\"ReadAction\",\"target\":[\"https:\\\/\\\/runex.com\\\/sv\\\/\"]}]},{\"@type\":\"ImageObject\",\"inLanguage\":\"sv-SE\",\"@id\":\"https:\\\/\\\/runex.com\\\/sv\\\/#primaryimage\",\"url\":\"https:\\\/\\\/runex.com\\\/wp-content\\\/uploads\\\/2022\\\/10\\\/AP-Runex-252-bewerkt-scaled.jpg\",\"contentUrl\":\"https:\\\/\\\/runex.com\\\/wp-content\\\/uploads\\\/2022\\\/10\\\/AP-Runex-252-bewerkt-scaled.jpg\",\"width\":2560,\"height\":1707},{\"@type\":\"BreadcrumbList\",\"@id\":\"https:\\\/\\\/runex.com\\\/sv\\\/#breadcrumb\",\"itemListElement\":[{\"@type\":\"ListItem\",\"position\":1,\"name\":\"Home\",\"item\":\"https:\\\/\\\/runex.com\\\/sv\\\/\"},{\"@type\":\"ListItem\",\"position\":2,\"name\":\"Runex\"}]},{\"@type\":\"WebSite\",\"@id\":\"https:\\\/\\\/runex.com\\\/#website\",\"url\":\"https:\\\/\\\/runex.com\\\/\",\"name\":\"Runex\",\"description\":\"The Best Bakery Equipment for Scandinavia and Beyond\",\"publisher\":{\"@id\":\"https:\\\/\\\/runex.com\\\/#organization\"},\"potentialAction\":[{\"@type\":\"SearchAction\",\"target\":{\"@type\":\"EntryPoint\",\"urlTemplate\":\"https:\\\/\\\/runex.com\\\/?s={search_term_string}\"},\"query-input\":{\"@type\":\"PropertyValueSpecification\",\"valueRequired\":true,\"valueName\":\"search_term_string\"}}],\"inLanguage\":\"sv-SE\"},{\"@type\":\"Organization\",\"@id\":\"https:\\\/\\\/runex.com\\\/#organization\",\"name\":\"RUNEX\",\"url\":\"https:\\\/\\\/runex.com\\\/\",\"logo\":{\"@type\":\"ImageObject\",\"inLanguage\":\"sv-SE\",\"@id\":\"https:\\\/\\\/runex.com\\\/#\\\/schema\\\/logo\\\/image\\\/\",\"url\":\"https:\\\/\\\/runex.com\\\/wp-content\\\/uploads\\\/2023\\\/08\\\/runex_rgb-stacked.webp\",\"contentUrl\":\"https:\\\/\\\/runex.com\\\/wp-content\\\/uploads\\\/2023\\\/08\\\/runex_rgb-stacked.webp\",\"width\":274,\"height\":212,\"caption\":\"RUNEX\"},\"image\":{\"@id\":\"https:\\\/\\\/runex.com\\\/#\\\/schema\\\/logo\\\/image\\\/\"}}]}<\/script>\n<!-- \/ Yoast SEO Premium plugin. -->","yoast_head_json":{"title":"Runex &#8902; Bakutrustning & Bel\u00e4ggningar","description":"I mer \u00e4n 50 \u00e5r har Runex brunnit f\u00f6r att tillverka bageriutrustning av h\u00f6gsta kvalitet f\u00f6r professionella bagare \u00f6ver hela Skandinavien.","robots":{"index":"index","follow":"follow","max-snippet":"max-snippet:-1","max-image-preview":"max-image-preview:large","max-video-preview":"max-video-preview:-1"},"canonical":"https:\/\/runex.com\/sv\/","og_locale":"sv_SE","og_type":"article","og_title":"Runex","og_description":"I mer \u00e4n 50 \u00e5r har Runex brunnit f\u00f6r att tillverka bageriutrustning av h\u00f6gsta kvalitet f\u00f6r professionella bagare \u00f6ver hela Skandinavien.","og_url":"https:\/\/runex.com\/sv\/","og_site_name":"Runex","article_modified_time":"2024-11-15T16:28:20+00:00","og_image":[{"width":2560,"height":1707,"url":"https:\/\/runex.com\/wp-content\/uploads\/2022\/10\/AP-Runex-252-bewerkt-scaled.jpg","type":"image\/jpeg"}],"twitter_card":"summary_large_image","twitter_misc":{"Ber\u00e4knad l\u00e4stid":"5 minuter"},"schema":{"@context":"https:\/\/schema.org","@graph":[{"@type":"WebPage","@id":"https:\/\/runex.com\/sv\/","url":"https:\/\/runex.com\/sv\/","name":"Runex &#8902; Bakutrustning & Bel\u00e4ggningar","isPartOf":{"@id":"https:\/\/runex.com\/#website"},"primaryImageOfPage":{"@id":"https:\/\/runex.com\/sv\/#primaryimage"},"image":{"@id":"https:\/\/runex.com\/sv\/#primaryimage"},"thumbnailUrl":"https:\/\/runex.com\/wp-content\/uploads\/2022\/10\/AP-Runex-252-bewerkt-scaled.jpg","datePublished":"2024-01-04T18:41:14+00:00","dateModified":"2024-11-15T16:28:20+00:00","description":"I mer \u00e4n 50 \u00e5r har Runex brunnit f\u00f6r att tillverka bageriutrustning av h\u00f6gsta kvalitet f\u00f6r professionella bagare \u00f6ver hela Skandinavien.","breadcrumb":{"@id":"https:\/\/runex.com\/sv\/#breadcrumb"},"inLanguage":"sv-SE","potentialAction":[{"@type":"ReadAction","target":["https:\/\/runex.com\/sv\/"]}]},{"@type":"ImageObject","inLanguage":"sv-SE","@id":"https:\/\/runex.com\/sv\/#primaryimage","url":"https:\/\/runex.com\/wp-content\/uploads\/2022\/10\/AP-Runex-252-bewerkt-scaled.jpg","contentUrl":"https:\/\/runex.com\/wp-content\/uploads\/2022\/10\/AP-Runex-252-bewerkt-scaled.jpg","width":2560,"height":1707},{"@type":"BreadcrumbList","@id":"https:\/\/runex.com\/sv\/#breadcrumb","itemListElement":[{"@type":"ListItem","position":1,"name":"Home","item":"https:\/\/runex.com\/sv\/"},{"@type":"ListItem","position":2,"name":"Runex"}]},{"@type":"WebSite","@id":"https:\/\/runex.com\/#website","url":"https:\/\/runex.com\/","name":"Runex","description":"The Best Bakery Equipment for Scandinavia and Beyond","publisher":{"@id":"https:\/\/runex.com\/#organization"},"potentialAction":[{"@type":"SearchAction","target":{"@type":"EntryPoint","urlTemplate":"https:\/\/runex.com\/?s={search_term_string}"},"query-input":{"@type":"PropertyValueSpecification","valueRequired":true,"valueName":"search_term_string"}}],"inLanguage":"sv-SE"},{"@type":"Organization","@id":"https:\/\/runex.com\/#organization","name":"RUNEX","url":"https:\/\/runex.com\/","logo":{"@type":"ImageObject","inLanguage":"sv-SE","@id":"https:\/\/runex.com\/#\/schema\/logo\/image\/","url":"https:\/\/runex.com\/wp-content\/uploads\/2023\/08\/runex_rgb-stacked.webp","contentUrl":"https:\/\/runex.com\/wp-content\/uploads\/2023\/08\/runex_rgb-stacked.webp","width":274,"height":212,"caption":"RUNEX"},"image":{"@id":"https:\/\/runex.com\/#\/schema\/logo\/image\/"}}]}},"_links":{"self":[{"href":"https:\/\/runex.com\/sv\/wp-json\/wp\/v2\/pages\/62867","targetHints":{"allow":["GET"]}}],"collection":[{"href":"https:\/\/runex.com\/sv\/wp-json\/wp\/v2\/pages"}],"about":[{"href":"https:\/\/runex.com\/sv\/wp-json\/wp\/v2\/types\/page"}],"author":[{"embeddable":true,"href":"https:\/\/runex.com\/sv\/wp-json\/wp\/v2\/users\/5"}],"replies":[{"embeddable":true,"href":"https:\/\/runex.com\/sv\/wp-json\/wp\/v2\/comments?post=62867"}],"version-history":[{"count":0,"href":"https:\/\/runex.com\/sv\/wp-json\/wp\/v2\/pages\/62867\/revisions"}],"wp:featuredmedia":[{"embeddable":true,"href":"https:\/\/runex.com\/sv\/wp-json\/wp\/v2\/media\/62090"}],"wp:attachment":[{"href":"https:\/\/runex.com\/sv\/wp-json\/wp\/v2\/media?parent=62867"}],"curies":[{"name":"wp","href":"https:\/\/api.w.org\/{rel}","templated":true}]}}